{"id":170614,"date":"2017-08-09T01:24:25","date_gmt":"2017-08-09T04:24:25","guid":{"rendered":"http:\/\/bvs.msal.gov.ar\/?page_id=170614"},"modified":"2017-08-26T04:40:36","modified_gmt":"2017-08-26T04:40:36","slug":"presentacion","status":"publish","type":"page","link":"https:\/\/bvs.msal.gov.ar\/?page_id=170614","title":{"rendered":"Bibliotecas Tem\u00e1ticas"},"content":{"rendered":"<p style=\"text-align: justify; padding-left: 30px; padding-right: 30px;\"><strong><span style=\"color: #000080;\">La Biblioteca Virtual en Salud (BVS) es una red de gesti\u00f3n de la informaci\u00f3n, del intercambio de conocimiento y de la evidencia cient\u00edfica en salud, que se establece mediante la cooperaci\u00f3n entre instituciones y profesionales en la producci\u00f3n, la intermediaci\u00f3n y el uso de las fuentes de informaci\u00f3n cient\u00edfica en salud, en el acceso abierto y universal en la Web<\/span><\/strong><\/p>\n","protected":false},"excerpt":{"rendered":"<p>La Biblioteca Virtual en Salud (BVS) es una red de gesti\u00f3n de la informaci\u00f3n, del intercambio de conocimiento y de la evidencia cient\u00edfica en salud, que se establece mediante la cooperaci\u00f3n entre instituciones y profesionales en la producci\u00f3n, la intermediaci\u00f3n y el uso de las fuentes de informaci\u00f3n cient\u00edfica en salud, en el acceso abierto [&hellip;]<\/p>\n","protected":false},"author":1,"featured_media":0,"parent":0,"menu_order":5,"comment_status":"closed","ping_status":"closed","template":"","meta":{"footnotes":""},"_links":{"self":[{"href":"https:\/\/bvs.msal.gov.ar\/index.php?rest_route=\/wp\/v2\/pages\/170614"}],"collection":[{"href":"https:\/\/bvs.msal.gov.ar\/index.php?rest_route=\/wp\/v2\/pages"}],"about":[{"href":"https:\/\/bvs.msal.gov.ar\/index.php?rest_route=\/wp\/v2\/types\/page"}],"author":[{"embeddable":true,"href":"https:\/\/bvs.msal.gov.ar\/index.php?rest_route=\/wp\/v2\/users\/1"}],"replies":[{"embeddable":true,"href":"https:\/\/bvs.msal.gov.ar\/index.php?rest_route=%2Fwp%2Fv2%2Fcomments&post=170614"}],"version-history":[{"count":9,"href":"https:\/\/bvs.msal.gov.ar\/index.php?rest_route=\/wp\/v2\/pages\/170614\/revisions"}],"predecessor-version":[{"id":170757,"href":"https:\/\/bvs.msal.gov.ar\/index.php?rest_route=\/wp\/v2\/pages\/170614\/revisions\/170757"}],"wp:attachment":[{"href":"https:\/\/bvs.msal.gov.ar\/index.php?rest_route=%2Fwp%2Fv2%2Fmedia&parent=170614"}],"curies":[{"name":"wp","href":"https:\/\/api.w.org\/{rel}","templated":true}]}}