{"id":170625,"date":"2017-08-09T01:44:45","date_gmt":"2017-08-09T04:44:45","guid":{"rendered":"http:\/\/bvs.msal.gov.ar\/?page_id=170625"},"modified":"2024-04-09T15:31:18","modified_gmt":"2024-04-09T18:31:18","slug":"redes-asociadas","status":"publish","type":"page","link":"https:\/\/bvs.msal.gov.ar\/?page_id=170625","title":{"rendered":"Redes"},"content":{"rendered":"<div>\n<h2><span style=\"text-decoration: underline;\"><span style=\"color: #000080; padding: 30px; text-decoration: underline;\"><img decoding=\"async\" style=\"margin: 0px 30px;\" src=\"https:\/\/bvs.msal.gov.ar\/wp-content\/uploads\/2017\/08\/icon_bvs.gif\" alt=\"BVS\" \/><a style=\"color: #000080;\" href=\"http:\/\/red.bvsalud.org\/es\/\" target=\"_blank\" rel=\"noopener\">Portal de la Red BVS<\/a><\/span><\/span><\/h2>\n<\/div>\n<div>\n<h2><span style=\"color: #000080; padding: 30px;\"><img decoding=\"async\" style=\"margin: 0px 30px;\" src=\"https:\/\/bvs.msal.gov.ar\/wp-content\/uploads\/2017\/08\/icon_mincyt.gif\" alt=\"MINCYT\" \/><span style=\"text-decoration: underline;\"><a style=\"color: #000080;\" href=\"http:\/\/www.biblioteca.mincyt.gob.ar\/index.php\" target=\"_blank\" rel=\"noopener\">Biblioteca Ministerio de Ciencia y T<\/a>ecnolog\u00eda<\/span><\/span><\/h2>\n<\/div>\n<div>\n<h2><span style=\"text-decoration: underline;\"><span style=\"color: #000080; padding: 30px; text-decoration: underline;\"><img decoding=\"async\" style=\"margin: 0px 30px;\" src=\"https:\/\/bvs.msal.gov.ar\/wp-content\/uploads\/2017\/08\/icon_bvs.gif\" alt=\"BVS\" \/><a style=\"color: #000080;\" href=\"http:\/\/www.bvs.org.ar\/\" target=\"_blank\" rel=\"noopener\">Biblioteca Virtual en Salud Argentina<\/a><\/span><\/span><\/h2>\n<\/div>\n<div>\n<h2><span style=\"text-decoration: underline;\"><span style=\"color: #000080; padding: 30px; text-decoration: underline;\"><img decoding=\"async\" style=\"margin: 0px 30px;\" src=\"https:\/\/bvs.msal.gov.ar\/wp-content\/uploads\/2017\/08\/icon_cvsp.gif\" alt=\"CVSP\" \/><a style=\"color: #000080;\" href=\"http:\/\/argentina.campusvirtualsp.org\/\" target=\"_blank\" rel=\"noopener\">Campus Virtual de Salud P\u00fablica Argentina<\/a><\/span><\/span><\/h2>\n<\/div>\n<div>\n<h2><span style=\"text-decoration: underline;\"><span style=\"color: #000080; padding: 30px; text-decoration: underline;\"><img decoding=\"async\" style=\"margin: 0px 30px;\" src=\"https:\/\/bvs.msal.gov.ar\/wp-content\/uploads\/2017\/08\/icon_renics.png\" alt=\"RENICS\" \/><a style=\"color: #000080;\" href=\"http:\/\/www.renics.org.ar\/\" target=\"_blank\" rel=\"noopener\">Red Nacional de Informaci\u00f3n en Ciencias de la S<\/a>alud<\/span><\/span><\/h2>\n<\/div>\n<div>\n<h2><span style=\"text-decoration: underline;\"><span style=\"color: #000080; padding: 30px; text-decoration: underline;\"><img decoding=\"async\" style=\"margin: 0px 30px;\" src=\"https:\/\/bvs.msal.gov.ar\/wp-content\/uploads\/2017\/08\/icon_scieloarg.png\" alt=\"SCIELO\" \/><a style=\"color: #000080;\" href=\"http:\/\/www.scielo.org.ar\/index.php\" target=\"_blank\" rel=\"noopener\">Biblioteca Electr\u00f3nica Cient\u00edfica en L\u00ednea Argentin<\/a>a<\/span><\/span><\/h2>\n<\/div>\n","protected":false},"excerpt":{"rendered":"<p>Portal de la Red BVS Biblioteca Ministerio de Ciencia y Tecnolog\u00eda Biblioteca Virtual en Salud Argentina Campus Virtual de Salud P\u00fablica Argentina Red Nacional de Informaci\u00f3n en Ciencias de la Salud Biblioteca Electr\u00f3nica Cient\u00edfica en L\u00ednea Argentina<\/p>\n","protected":false},"author":1,"featured_media":0,"parent":0,"menu_order":3,"comment_status":"closed","ping_status":"closed","template":"","meta":{"footnotes":""},"_links":{"self":[{"href":"https:\/\/bvs.msal.gov.ar\/index.php?rest_route=\/wp\/v2\/pages\/170625"}],"collection":[{"href":"https:\/\/bvs.msal.gov.ar\/index.php?rest_route=\/wp\/v2\/pages"}],"about":[{"href":"https:\/\/bvs.msal.gov.ar\/index.php?rest_route=\/wp\/v2\/types\/page"}],"author":[{"embeddable":true,"href":"https:\/\/bvs.msal.gov.ar\/index.php?rest_route=\/wp\/v2\/users\/1"}],"replies":[{"embeddable":true,"href":"https:\/\/bvs.msal.gov.ar\/index.php?rest_route=%2Fwp%2Fv2%2Fcomments&post=170625"}],"version-history":[{"count":36,"href":"https:\/\/bvs.msal.gov.ar\/index.php?rest_route=\/wp\/v2\/pages\/170625\/revisions"}],"predecessor-version":[{"id":171153,"href":"https:\/\/bvs.msal.gov.ar\/index.php?rest_route=\/wp\/v2\/pages\/170625\/revisions\/171153"}],"wp:attachment":[{"href":"https:\/\/bvs.msal.gov.ar\/index.php?rest_route=%2Fwp%2Fv2%2Fmedia&parent=170625"}],"curies":[{"name":"wp","href":"https:\/\/api.w.org\/{rel}","templated":true}]}}