{"id":170635,"date":"2017-08-09T02:00:25","date_gmt":"2017-08-09T05:00:25","guid":{"rendered":"http:\/\/bvs.msal.gov.ar\/?page_id=170635"},"modified":"2024-04-09T15:37:21","modified_gmt":"2024-04-09T18:37:21","slug":"bibliotecas-regionales","status":"publish","type":"page","link":"https:\/\/bvs.msal.gov.ar\/?page_id=170635","title":{"rendered":"Regionales"},"content":{"rendered":"<p style=\"text-align: justify; padding-left: 30px; padding-right: 30px;\"><strong><span style=\"color: #000080;\">Los actores sociales de la salud y la informaci\u00f3n son parte inherente y conforman la dimensi\u00f3n de la red social de la BVS, representan uno de los pilares para el \u00e9xito de la red, actuando como agentes de las acciones de cooperaci\u00f3n en informaci\u00f3n cient\u00edfica y t\u00e9cnica.<\/span><\/strong><\/p>\n<p style=\"text-align: justify; padding-left: 30px; padding-right: 30px;\"><strong><span style=\"color: #000080;\">Cada una de las iniciativas integrantes de la BVS se desarrolla en los \u00e1mbitos geogr\u00e1ficos, institucionales y tem\u00e1ticos de modo complementar.<\/span><\/strong><\/p>\n<p style=\"text-align: justify; padding-left: 30px; padding-right: 30px;\"><strong><span style=\"color: #000080;\">Instancias Tem\u00e1ticas Regionales \u2013 En las instancias tem\u00e1ticas regionales un conjunto de pa\u00edses asumen la responsabilidad de movilizaci\u00f3n y coordinaci\u00f3n de las instituciones productoras, intermediarias y usuarias de informaci\u00f3n en una determinada \u00e1rea tem\u00e1tica para operaci\u00f3n en la BVS.<\/span><\/strong><\/p>\n<div>\n<h2><span style=\"color: #000080; padding: 30px;\"><img decoding=\"async\" style=\"margin: 0px 30px;\" src=\"https:\/\/bvs.msal.gov.ar\/wp-content\/uploads\/2017\/09\/logobvs.jpg\" alt=\"BVS ENFERMERIA\" \/><a style=\"color: #000080;\" href=\"http:\/\/bvsenfermeria.bvsalud.org\/\" target=\"_blank\" rel=\"noopener\">BVS Enfermer\u00eda<\/a><\/span><\/h2>\n<\/div>\n<div>\n<h2><span style=\"color: #000080; padding: 30px;\"><img decoding=\"async\" style=\"margin: 0px 30px;\" src=\"https:\/\/bvs.msal.gov.ar\/wp-content\/uploads\/2017\/09\/logobvs.jpg\" alt=\"BVS LEGISLACION\" \/><a style=\"color: #000080;\" href=\"http:\/\/legislacion.bvsalud.org\/php\/index.php?lang=es\" target=\"_blank\" rel=\"noopener\">BVS Legislaci\u00f3n<\/a><\/span><\/h2>\n<\/div>\n<div>\n<h2><span style=\"color: #000080; padding: 30px;\"><img decoding=\"async\" style=\"margin: 0px 30px;\" src=\"https:\/\/bvs.msal.gov.ar\/wp-content\/uploads\/2017\/09\/logobvs.jpg\" alt=\"BVS PATRIMONIO CULTURAL\" \/><a style=\"color: #000080;\" href=\"http:\/\/hpcs.bvsalud.org\/php\/index.php\" target=\"_blank\" rel=\"noopener\">BVS Historia y Patrimonio Cultural<\/a><\/span><\/h2>\n<\/div>\n<div>\n<h2><span style=\"color: #000080; padding: 30px;\"><img decoding=\"async\" style=\"margin: 0px 30px;\" src=\"https:\/\/bvs.msal.gov.ar\/wp-content\/uploads\/2017\/09\/logobvs.jpg\" alt=\"BVS PSICOANALISIS\" \/><a style=\"color: #000080;\" href=\"http:\/\/www.bivipsil.org\/\" target=\"_blank\" rel=\"noopener\">BVS Psicoan\u00e1lisis<\/a><\/span><\/h2>\n<\/div>\n<div>\n<h2><span style=\"color: #000080; padding: 30px;\"><img decoding=\"async\" style=\"margin: 0px 30px;\" src=\"https:\/\/bvs.msal.gov.ar\/wp-content\/uploads\/2017\/09\/logobvs.jpg\" alt=\"BVS PSICOLOGIA\" \/><a style=\"color: #000080;\" href=\"http:\/\/www.ulapsi.bvsalud.org\/php\/index.php\" target=\"_blank\" rel=\"noopener\">BVS Psicolog\u00eda<\/a><\/span><\/h2>\n<\/div>\n","protected":false},"excerpt":{"rendered":"<p>Los actores sociales de la salud y la informaci\u00f3n son parte inherente y conforman la dimensi\u00f3n de la red social de la BVS, representan uno de los pilares para el \u00e9xito de la red, actuando como agentes de las acciones de cooperaci\u00f3n en informaci\u00f3n cient\u00edfica y t\u00e9cnica. Cada una de las iniciativas integrantes de la [&hellip;]<\/p>\n","protected":false},"author":1,"featured_media":0,"parent":170614,"menu_order":5,"comment_status":"closed","ping_status":"closed","template":"","meta":{"footnotes":""},"_links":{"self":[{"href":"https:\/\/bvs.msal.gov.ar\/index.php?rest_route=\/wp\/v2\/pages\/170635"}],"collection":[{"href":"https:\/\/bvs.msal.gov.ar\/index.php?rest_route=\/wp\/v2\/pages"}],"about":[{"href":"https:\/\/bvs.msal.gov.ar\/index.php?rest_route=\/wp\/v2\/types\/page"}],"author":[{"embeddable":true,"href":"https:\/\/bvs.msal.gov.ar\/index.php?rest_route=\/wp\/v2\/users\/1"}],"replies":[{"embeddable":true,"href":"https:\/\/bvs.msal.gov.ar\/index.php?rest_route=%2Fwp%2Fv2%2Fcomments&post=170635"}],"version-history":[{"count":6,"href":"https:\/\/bvs.msal.gov.ar\/index.php?rest_route=\/wp\/v2\/pages\/170635\/revisions"}],"predecessor-version":[{"id":171156,"href":"https:\/\/bvs.msal.gov.ar\/index.php?rest_route=\/wp\/v2\/pages\/170635\/revisions\/171156"}],"up":[{"embeddable":true,"href":"https:\/\/bvs.msal.gov.ar\/index.php?rest_route=\/wp\/v2\/pages\/170614"}],"wp:attachment":[{"href":"https:\/\/bvs.msal.gov.ar\/index.php?rest_route=%2Fwp%2Fv2%2Fmedia&parent=170635"}],"curies":[{"name":"wp","href":"https:\/\/api.w.org\/{rel}","templated":true}]}}