{"id":170678,"date":"2017-08-14T19:05:26","date_gmt":"2017-08-14T22:05:26","guid":{"rendered":"http:\/\/bvs.msal.gov.ar\/?page_id=170678"},"modified":"2020-10-30T20:00:04","modified_gmt":"2020-10-30T20:00:04","slug":"deposito-de-contenidos","status":"publish","type":"page","link":"https:\/\/bvs.msal.gov.ar\/?page_id=170678","title":{"rendered":"Dep\u00f3sito de Contenidos"},"content":{"rendered":"<p style=\"text-align: justify; padding-left: 30px;\"><strong><span style=\"color: #000080;\">En esta secci\u00f3n se detallan distintos aspectos de la pol\u00edtica de actuaci\u00f3n de la BVS-MSAL<\/span><\/strong><\/p>\n<ul>\n<li style=\"text-align: justify;\"><a href=\"http:\/\/bvs.msal.gov.ar\/?page_id=170759\"><strong><span style=\"color: #000080;\">Qu\u00e9 es depositar una obra<\/span><\/strong><\/a><\/li>\n<li style=\"text-align: justify;\"><a href=\"http:\/\/bvs.msal.gov.ar\/?page_id=170761\"><strong><span style=\"color: #000080;\">Qui\u00e9nes deben depositar<\/span><\/strong><\/a><\/li>\n<li style=\"text-align: justify;\"><a href=\"http:\/\/bvs.msal.gov.ar\/?page_id=170767\"><strong><span style=\"color: #000080;\">Qu\u00e9 contenidos se deben depositar<\/span><\/strong><\/a><\/li>\n<li style=\"text-align: justify;\"><a href=\"http:\/\/bvs.msal.gov.ar\/?page_id=170774\"><strong><span style=\"color: #000080;\">C\u00f3mo se deposita<\/span><\/strong><\/a><\/li>\n<li style=\"text-align: justify;\"><a href=\"http:\/\/bvs.msal.gov.ar\/?page_id=170779\"><strong><span style=\"color: #000080;\">Condiciones de dep\u00f3sito<\/span><\/strong><\/a><\/li>\n<\/ul>\n","protected":false},"excerpt":{"rendered":"<p>En esta secci\u00f3n se detallan distintos aspectos de la pol\u00edtica de actuaci\u00f3n de la BVS-MSAL Qu\u00e9 es depositar una obra Qui\u00e9nes deben depositar Qu\u00e9 contenidos se deben depositar C\u00f3mo se deposita Condiciones de dep\u00f3sito<\/p>\n","protected":false},"author":1,"featured_media":0,"parent":0,"menu_order":2,"comment_status":"closed","ping_status":"closed","template":"","meta":{"footnotes":""},"_links":{"self":[{"href":"https:\/\/bvs.msal.gov.ar\/index.php?rest_route=\/wp\/v2\/pages\/170678"}],"collection":[{"href":"https:\/\/bvs.msal.gov.ar\/index.php?rest_route=\/wp\/v2\/pages"}],"about":[{"href":"https:\/\/bvs.msal.gov.ar\/index.php?rest_route=\/wp\/v2\/types\/page"}],"author":[{"embeddable":true,"href":"https:\/\/bvs.msal.gov.ar\/index.php?rest_route=\/wp\/v2\/users\/1"}],"replies":[{"embeddable":true,"href":"https:\/\/bvs.msal.gov.ar\/index.php?rest_route=%2Fwp%2Fv2%2Fcomments&post=170678"}],"version-history":[{"count":12,"href":"https:\/\/bvs.msal.gov.ar\/index.php?rest_route=\/wp\/v2\/pages\/170678\/revisions"}],"predecessor-version":[{"id":171056,"href":"https:\/\/bvs.msal.gov.ar\/index.php?rest_route=\/wp\/v2\/pages\/170678\/revisions\/171056"}],"wp:attachment":[{"href":"https:\/\/bvs.msal.gov.ar\/index.php?rest_route=%2Fwp%2Fv2%2Fmedia&parent=170678"}],"curies":[{"name":"wp","href":"https:\/\/api.w.org\/{rel}","templated":true}]}}