{"id":170767,"date":"2017-08-26T16:34:59","date_gmt":"2017-08-26T19:34:59","guid":{"rendered":"http:\/\/bvs.msal.gov.ar\/?page_id=170767"},"modified":"2018-08-11T22:01:43","modified_gmt":"2018-08-11T22:01:43","slug":"que-contenidos-depositar","status":"publish","type":"page","link":"https:\/\/bvs.msal.gov.ar\/?page_id=170767","title":{"rendered":"Qu\u00e9 contenidos depositar"},"content":{"rendered":"<p style=\"text-align: justify; padding-left: 30px; padding-right: 30px;\"><strong><span style=\"color: #003366;\">Se deben depositar publicaciones cient\u00edfico-t\u00e9cnicas de \u00e1reas ministeriales producidas o coproducidas por equipos t\u00e9cnicos de sus direcciones y programas. El acceso a estas obras ser\u00e1 a texto completo, salvo excepciones de confidencialidad.<\/span><\/strong><\/p>\n<p style=\"text-align: justify; padding-left: 30px; padding-right: 30px;\"><strong><span style=\"color: #003366;\">Productos de investigaci\u00f3n cient\u00edfica: se depositar\u00e1n las versiones finales de la producci\u00f3n cient\u00edfico-t\u00e9cnica derivada de trabajos de investigaci\u00f3n financiados o cofinanciados por el Ministerio de Salud, aceptados para su publicaci\u00f3n o publicados en un plazo no mayor a los seis meses desde la fecha de su publicaci\u00f3n o aprobaci\u00f3n por parte del editor.<\/span><\/strong><\/p>\n<p style=\"text-align: justify; padding-left: 30px;\"><strong><span style=\"color: #003366;\">Tipos, formatos y versiones admitidas\u00a0<\/span><\/strong><\/p>\n<p style=\"text-align: justify; padding-left: 30px;\"><strong><span style=\"color: #003366;\">1. Publicaciones cient\u00edfico-t\u00e9cnicas producidas por \u00e1reas ministeriales<\/span><\/strong><\/p>\n<table style=\"padding-left: 30px;\">\n<tbody style=\"padding-left: 30px;\">\n<tr style=\"padding-left: 30px;\">\n<td style=\"padding-left: 30px;\" width=\"80\"><strong><span style=\"color: #003366;\">Tipo de documento<\/span><\/strong><\/td>\n<td style=\"padding-left: 30px;\" width=\"200\"><strong><span style=\"color: #003366;\">Descripci\u00f3n<\/span><\/strong><\/td>\n<td style=\"padding-left: 30px;\" width=\"200\"><strong><span style=\"color: #003366;\">Campos de llenado obligatorio<\/span><\/strong><\/td>\n<td style=\"padding-left: 30px;\" width=\"70\"><strong><span style=\"color: #003366;\">Formato admitido<\/span><\/strong><\/td>\n<td style=\"padding-left: 30px;\" width=\"70\"><strong><span style=\"color: #003366;\">Versi\u00f3n admitida<\/span><\/strong><\/td>\n<\/tr>\n<tr style=\"padding-left: 30px;\">\n<td style=\"padding-left: 30px;\" width=\"80\"><strong><span style=\"color: #003366;\">Revistas y anuarios<\/span><\/strong><\/td>\n<td style=\"padding-left: 30px;\" width=\"200\"><strong><span style=\"color: #003366;\">Publicaciones cient\u00edficas peri\u00f3dicas editadas y publicadas por el Ministerio de Salud de la Naci\u00f3n (MSAL).<\/span><\/strong><\/td>\n<td style=\"padding-left: 30px;\" width=\"200\"><strong><span style=\"color: #003366;\">-Titulo de la obra<br \/>\n-Autor Personal o Autor Institucional<br \/>\n-Cantidad de paginas<br \/>\n-Editor o Editorial<br \/>\n-Nro. de edici\u00f3n<br \/>\n-Fecha de publicaci\u00f3n<br \/>\n-Ciudad y pa\u00eds de publicaci\u00f3n<br \/>\n-ISSN<\/span><\/strong><\/td>\n<td style=\"padding-left: 30px;\" width=\"70\"><strong><span style=\"color: #003366;\">Word, PDF, HTML.<\/span><\/strong><\/td>\n<td style=\"padding-left: 30px;\" width=\"70\"><strong><span style=\"color: #003366;\">Publicada**<\/span><\/strong><\/td>\n<\/tr>\n<tr style=\"padding-left: 30px;\">\n<td style=\"padding-left: 30px;\" width=\"80\"><strong><span style=\"color: #003366;\">Art\u00edculo cient\u00edfico \u00f3 t\u00e9cnico<\/span><\/strong><\/td>\n<td style=\"padding-left: 30px;\" width=\"200\"><strong><span style=\"color: #003366;\">Trabajo presentado para ser publicado en una revista cient\u00edfica, producido o coproducido por integrantes de equipos t\u00e9cnicos cuya filiaci\u00f3n\u00a0 institucional declarada en el art\u00edculo sea el MSAL.<\/span><\/strong><\/td>\n<td style=\"padding-left: 30px;\" width=\"200\"><strong><span style=\"color: #003366;\">-T\u00edtulo del art\u00edculo<br \/>\n-T\u00edtulo de la revista<br \/>\n&#8211; Autor Personal \u00f3 Institucional<br \/>\n-Cantidad de p\u00e1ginas<br \/>\n-Editor<br \/>\n-Nro. de edici\u00f3n<br \/>\n-Fecha de publicaci\u00f3n<br \/>\n-Ciudad y pa\u00eds de publicaci\u00f3n<br \/>\n-ISSN<\/span><\/strong><\/td>\n<td style=\"padding-left: 30px;\" width=\"70\"><strong><span style=\"color: #003366;\">Word, PDF, HTML<\/span><\/strong><\/td>\n<td style=\"padding-left: 30px;\" width=\"70\"><strong><span style=\"color: #003366;\">Aceptada*, publicada **, actualizada**.<\/span><\/strong><\/td>\n<\/tr>\n<tr style=\"padding-left: 30px;\">\n<td style=\"padding-left: 30px;\" width=\"80\"><strong><span style=\"color: #003366;\">Libro o cap\u00edtulo de libro<\/span><\/strong><\/td>\n<td style=\"padding-left: 30px;\" width=\"200\"><strong><span style=\"color: #003366;\">Texto de mayor extensi\u00f3n que un art\u00edculo de revista, producido o coproducido por integrantes de equipos t\u00e9cnicos cuya filiaci\u00f3n\u00a0 institucional declarada en el libro o cap\u00edtulo de libro sea el MSAL.<\/span><\/strong><\/td>\n<td style=\"padding-left: 30px;\" width=\"200\"><strong><span style=\"color: #003366;\">-T\u00edtulo de la obra (en el caso de cap\u00edtulo incluir t\u00edtulo del cap\u00edtulo y del libro).<br \/>\n&#8211; Autor Personal o Institucional<br \/>\n-Cantidad de p\u00e1ginas<br \/>\n-Editor<br \/>\n-Nro. de edici\u00f3n<br \/>\n-Fecha de publicaci\u00f3n<br \/>\n-Ciudad y pa\u00eds de publicaci\u00f3n<br \/>\n-ISBN<\/span><\/strong><\/td>\n<td style=\"padding-left: 30px;\" width=\"70\"><strong><span style=\"color: #003366;\">Word, PDF, HTML<\/span><\/strong><\/td>\n<td style=\"padding-left: 30px;\" width=\"70\"><strong><span style=\"color: #003366;\">Aceptada*, publicada**, actualizada**.<\/span><\/strong><\/td>\n<\/tr>\n<tr style=\"padding-left: 30px;\">\n<td style=\"padding-left: 30px;\" width=\"80\"><strong><span style=\"color: #003366;\">Gu\u00edas t\u00e9cnicas de salud<\/span><\/strong><\/td>\n<td style=\"padding-left: 30px;\" width=\"200\"><strong><span style=\"color: #003366;\">Conjunto de recomendaciones elaborado de modo sistem\u00e1tico y basado en la mejor evidencia cient\u00edfica disponible producido o coproducido por integrantes de equipos t\u00e9cnicos cuya filiaci\u00f3n\u00a0 institucional declarada sea el MSAL.<\/span><\/strong><\/td>\n<td style=\"padding-left: 30px;\" width=\"200\"><strong><span style=\"color: #003366;\">-T\u00edtulo de la obra<br \/>\n-Autor Personal o Institucional<br \/>\n-Cantidad de p\u00e1ginas<br \/>\n-Editor<br \/>\n-Nro. de edici\u00f3n<br \/>\n-Fecha de publicaci\u00f3n<br \/>\n-Ciudad y pa\u00eds de publicaci\u00f3n<br \/>\n-ISBN<\/span><\/strong><\/td>\n<td style=\"padding-left: 30px;\" width=\"70\"><strong><span style=\"color: #003366;\">Word, PDF, HTML<\/span><\/strong><\/td>\n<td style=\"padding-left: 30px;\" width=\"70\"><strong><span style=\"color: #003366;\">Publicada**, actualizada**.<\/span><\/strong><\/td>\n<\/tr>\n<tr style=\"padding-left: 30px;\">\n<td style=\"padding-left: 30px;\" width=\"80\"><strong><span style=\"color: #003366;\">Boletines\/Encuestas\/Informes estad\u00edsticos y epidemiol\u00f3gicos<\/span><\/strong><\/td>\n<td style=\"padding-left: 30px;\" width=\"200\"><strong><span style=\"color: #003366;\">Informaci\u00f3n consolidada de diversas fuentes y an\u00e1lisis de procesos de salud-enfermedad-atenci\u00f3n producida o coproducida por \u00e1reas institucionales del MSAL.<\/span><\/strong><\/td>\n<td style=\"padding-left: 30px;\" width=\"200\"><strong><span style=\"color: #003366;\">-T\u00edtulo de la obra<br \/>\n-Autor Personal o Institucional<br \/>\n-Cantidad de p\u00e1ginas<br \/>\n-Editor<br \/>\n-Nro. de edici\u00f3n<br \/>\n-Fecha de publicaci\u00f3n<br \/>\n-Ciudad y pa\u00eds de publicaci\u00f3n<br \/>\n&#8211; ISSN (Bolet\u00ednes)<\/span><\/strong><\/td>\n<td style=\"padding-left: 30px;\" width=\"70\"><strong><span style=\"color: #003366;\">Word, PDF, HTML<\/span><\/strong><\/td>\n<td style=\"padding-left: 30px;\" width=\"70\"><strong><span style=\"color: #003366;\">Aceptada*, publicada**, actualizada**.<\/span><\/strong><\/td>\n<\/tr>\n<tr style=\"padding-left: 30px;\">\n<td style=\"padding-left: 30px;\" width=\"80\"><strong><span style=\"color: #003366;\">Protocolos\/Flujogramas<\/span><\/strong><\/td>\n<td style=\"padding-left: 30px;\" width=\"200\"><strong><span style=\"color: #003366;\">Procedimientos t\u00e9cnicos para diagn\u00f3stico, manejo, tratamiento y prevenci\u00f3n producida o coproducida por \u00e1reas institucionales del MSAL.<\/span><\/strong><\/td>\n<td style=\"padding-left: 30px;\" width=\"200\"><strong><span style=\"color: #003366;\">-T\u00edtulo de la obra<br \/>\n-Autor Personal o Institucional<br \/>\n-Editor<br \/>\n-Fecha de publicaci\u00f3n<br \/>\n-Ciudad y pa\u00eds de publicaci\u00f3n<\/span><\/strong><\/td>\n<td style=\"padding-left: 30px;\" width=\"70\"><strong><span style=\"color: #003366;\">Word, PDF, HTML, JPG, PPT<\/span><\/strong><\/td>\n<td style=\"padding-left: 30px;\" width=\"70\"><strong><span style=\"color: #003366;\">Aceptada*, publicada**, actualizada**.<\/span><\/strong><\/td>\n<\/tr>\n<tr style=\"padding-left: 30px;\">\n<td style=\"padding-left: 30px;\" width=\"80\"><strong><span style=\"color: #003366;\">Informes de gesti\u00f3n o memorias t\u00e9cnicas<\/span><\/strong><\/td>\n<td style=\"padding-left: 30px;\" width=\"200\"><strong><span style=\"color: #003366;\">Informe sobre las acciones realizadas en un periodo determinado por un \u00e1rea ministerial.<\/span><\/strong><\/td>\n<td style=\"padding-left: 30px;\" width=\"200\"><strong><span style=\"color: #003366;\">-T\u00edtulo de la obra<br \/>\n-Autor Institucional<br \/>\n-Cantidad de p\u00e1ginas<br \/>\n-Editor<br \/>\n-Fecha de publicaci\u00f3n<br \/>\n-Ciudad y pa\u00eds de publicaci\u00f3n<\/span><\/strong><\/td>\n<td style=\"padding-left: 30px;\" width=\"70\"><strong><span style=\"color: #003366;\">Word, PDF, HTML<\/span><\/strong><\/td>\n<td style=\"padding-left: 30px;\" width=\"70\"><strong><span style=\"color: #003366;\">Aceptada*, publicada**, actualizada**.<\/span><\/strong><\/td>\n<\/tr>\n<tr style=\"padding-left: 30px;\">\n<td style=\"padding-left: 30px;\" width=\"80\"><strong><span style=\"color: #003366;\">Conferencia<\/span><\/strong><\/td>\n<td style=\"padding-left: 30px;\" width=\"200\"><strong><span style=\"color: #003366;\">Trabajo producido o coproducido y presentado en congresos o jornadas cient\u00edficas por integrantes de equipos t\u00e9cnicos cuya filiaci\u00f3n\u00a0 institucional declarada sea el MSAL.<\/span><\/strong><\/td>\n<td style=\"padding-left: 30px;\" width=\"200\"><strong><span style=\"color: #003366;\">&#8211; T\u00edtulo de la obra<br \/>\n&#8211; Autor Personal o Institucional<br \/>\n&#8211; Nombre del congreso, jornada, etc.<br \/>\n&#8211; Editor (si corresponde)<br \/>\n&#8211; Fecha de publicaci\u00f3n (si corresponde)<br \/>\n&#8211; Ciudad y pa\u00eds de publicaci\u00f3n<\/span><\/strong><\/td>\n<td style=\"padding-left: 30px;\" width=\"70\"><strong><span style=\"color: #003366;\">Word, PDF, HTML<\/span><\/strong><\/td>\n<td style=\"padding-left: 30px;\" width=\"70\"><strong><span style=\"color: #003366;\">Aceptada*, publicada**, actualizada**.<\/span><\/strong><\/td>\n<\/tr>\n<tr style=\"padding-left: 30px;\">\n<td style=\"padding-left: 30px;\" width=\"80\"><strong><span style=\"color: #003366;\">Ponencia o p\u00f3ster<\/span><\/strong><\/td>\n<td style=\"padding-left: 30px;\" width=\"200\"><strong><span style=\"color: #003366;\">Comunicaci\u00f3n sint\u00e9tica cient\u00edfica o t\u00e9cnica producida o coproducida y presentada en congresos, jornadas o simposios cient\u00edficos por integrantes de equipos t\u00e9cnicos cuya filiaci\u00f3n institucional declarada sea el MSAL.<\/span><\/strong><\/td>\n<td style=\"padding-left: 30px;\" width=\"200\"><strong><span style=\"color: #003366;\">-T\u00edtulo de la obra<br \/>\n&#8211; Autor Personal o Institucional<br \/>\n&#8211; Nombre del congreso, jornada, etc.<br \/>\n&#8211; Editor (si corresponde)<br \/>\n&#8211; Fecha de publicaci\u00f3n (si corresponde)<br \/>\n&#8211; Ciudad y pa\u00eds de publicaci\u00f3n<\/span><\/strong><\/td>\n<td style=\"padding-left: 30px;\" width=\"70\"><strong><span style=\"color: #003366;\">Word, PDF, HTML, JPG, PPT<\/span><\/strong><\/td>\n<td style=\"padding-left: 30px;\" width=\"70\"><strong><span style=\"color: #003366;\">Aceptada*, publicada**, actualizada**.<\/span><\/strong><\/td>\n<\/tr>\n<tr style=\"padding-left: 30px;\">\n<td style=\"padding-left: 30px;\" colspan=\"5\" width=\"100%\">\n<p style=\"padding-left: 30px;\"><strong><span style=\"color: #003366;\">*Pre-print: versi\u00f3n de un trabajo que ha sido evaluado, que ha incorporado modificaciones de acuerdo a las sugerencias de un revisor\/es \u2013si las hubiera\u2013 y ha sido aceptada para su publicaci\u00f3n. Esta versi\u00f3n excluye la maquetaci\u00f3n (diagramaci\u00f3n de estilo).<\/span><\/strong><\/p>\n<p style=\"padding-left: 30px;\"><strong><span style=\"color: #003366;\">** Post-print: versi\u00f3n final de un trabajo publicada por el editor o versi\u00f3n del documento que ha sido actualizada con posterioridad a su publicaci\u00f3n. <\/span><\/strong><\/p>\n<\/td>\n<\/tr>\n<\/tbody>\n<\/table>\n<p style=\"text-align: justify; padding-left: 30px;\"><strong><span style=\"color: #003366;\">2. Productos de investigaci\u00f3n cient\u00edfica.<\/span><\/strong><\/p>\n<p style=\"text-align: justify; padding-left: 30px; padding-right: 30px;\"><strong><span style=\"color: #003366;\">Seguidamente, y tomando como referencia la reglamentaci\u00f3n de la Ley 26.899\/2013, se detallan los tipos de productos, descripci\u00f3n, formatos y versiones admitidas para dep\u00f3sito.\u00a0<\/span><\/strong><\/p>\n<table style=\"padding-left: 30px;\">\n<tbody style=\"padding-left: 30px;\">\n<tr style=\"padding-left: 30px;\">\n<td style=\"padding-left: 30px;\" width=\"159\"><strong><span style=\"color: #003366;\">Tipo de producto<\/span><\/strong><\/td>\n<td style=\"padding-left: 30px;\" width=\"159\"><strong><span style=\"color: #003366;\">Descripci\u00f3n<\/span><\/strong><\/td>\n<td style=\"padding-left: 30px;\" width=\"159\"><strong><span style=\"color: #003366;\">Formato admitido<\/span><\/strong><\/td>\n<td style=\"padding-left: 30px;\" width=\"159\"><strong><span style=\"color: #003366;\">Versi\u00f3n admitida<\/span><\/strong><\/td>\n<\/tr>\n<tr style=\"padding-left: 30px;\">\n<td style=\"padding-left: 30px;\" width=\"159\"><strong><span style=\"color: #003366;\">Art\u00edculo<\/span><\/strong><\/td>\n<td style=\"padding-left: 30px;\" width=\"159\"><strong><span style=\"color: #003366;\">Trabajo presentado para ser publicado en una revista.<\/span><\/strong><\/td>\n<td style=\"padding-left: 30px;\" width=\"159\"><strong><span style=\"color: #003366;\">Archivo Word, PDF, HTML<\/span><\/strong><\/td>\n<td style=\"padding-left: 30px;\" width=\"159\">\n<p style=\"padding-left: 30px;\"><strong><span style=\"color: #003366;\">Aceptada*, publicada**, actualizada**.<\/span><\/strong><\/p>\n<p style=\"padding-left: 30px;\"><strong>\u00a0<\/strong><\/p>\n<\/td>\n<\/tr>\n<tr style=\"padding-left: 30px;\">\n<td style=\"padding-left: 30px;\" width=\"159\"><strong><span style=\"color: #003366;\">Libro o cap\u00edtulo de libro<\/span><\/strong><\/td>\n<td style=\"padding-left: 30px;\" width=\"159\"><strong><span style=\"color: #003366;\">Texto de mayor extensi\u00f3n que un art\u00edculo de revista, producto de una investigaci\u00f3n.<\/span><\/strong><\/td>\n<td style=\"padding-left: 30px;\" width=\"159\"><strong><span style=\"color: #003366;\">Archivo Word, PDF, HTML.<\/span><\/strong><\/td>\n<td style=\"padding-left: 30px;\" width=\"159\">\n<p style=\"padding-left: 30px;\"><strong><span style=\"color: #003366;\">Aceptada*, publicada**, actualizada**.<\/span><\/strong><\/p>\n<p style=\"padding-left: 30px;\"><strong>\u00a0<\/strong><\/p>\n<\/td>\n<\/tr>\n<tr style=\"padding-left: 30px;\">\n<td style=\"padding-left: 30px;\" width=\"159\"><strong><span style=\"color: #003366;\">Conferencia<\/span><\/strong><\/td>\n<td style=\"padding-left: 30px;\" width=\"159\"><strong><span style=\"color: #003366;\">Trabajo presentado en congreso o jornada.<\/span><\/strong><\/td>\n<td style=\"padding-left: 30px;\" width=\"159\"><strong><span style=\"color: #003366;\">Archivo Word, PDF, HTML.<\/span><\/strong><\/td>\n<td style=\"padding-left: 30px;\" width=\"159\">\n<p style=\"padding-left: 30px;\"><strong><span style=\"color: #003366;\">Aceptada para su presentaci\u00f3n*, publicada**, actualizada**.<\/span><\/strong><\/p>\n<p style=\"padding-left: 30px;\"><strong>\u00a0<\/strong><\/p>\n<\/td>\n<\/tr>\n<tr style=\"padding-left: 30px;\">\n<td style=\"padding-left: 30px;\" width=\"159\"><strong><span style=\"color: #003366;\">Ponencia o p\u00f3ster<\/span><\/strong><\/td>\n<td style=\"padding-left: 30px;\" width=\"159\"><strong><span style=\"color: #003366;\">Comunicaci\u00f3n sint\u00e9tica cient\u00edfica o t\u00e9cnica presentada en un congreso, jornada o simposio.<\/span><\/strong><\/td>\n<td style=\"padding-left: 30px;\" width=\"159\"><strong><span style=\"color: #003366;\">Archivo Word, PDF, HTML, JPG, PPT.<\/span><\/strong><\/td>\n<td style=\"padding-left: 30px;\" width=\"159\">\n<p style=\"padding-left: 30px;\"><strong><span style=\"color: #003366;\">Aceptada para su presentaci\u00f3n*, publicada**, actualizada**.<\/span><\/strong><\/p>\n<p style=\"padding-left: 30px;\"><strong>\u00a0<\/strong><\/p>\n<\/td>\n<\/tr>\n<tr style=\"padding-left: 30px;\">\n<td style=\"padding-left: 30px;\" width=\"159\"><strong><span style=\"color: #003366;\">Datos primarios<\/span><\/strong><\/td>\n<td style=\"padding-left: 30px;\" width=\"159\"><strong><span style=\"color: #003366;\">Datos en bruto, que pueden ser observacionales, experimentales o computacionales y que fundamentan la generaci\u00f3n de nuevos conocimientos<\/span><\/strong><\/td>\n<td style=\"padding-left: 30px;\" width=\"159\"><strong><span style=\"color: #003366;\">Archivo Word, PDF, HTML.<\/span><\/strong><\/td>\n<td style=\"padding-left: 30px;\" width=\"159\">\n<p style=\"padding-left: 30px;\"><strong><span style=\"color: #003366;\">Enviada*, aceptada*, publicada** o actualizada**.<\/span><\/strong><\/p>\n<p style=\"padding-left: 30px;\"><strong>\u00a0<\/strong><\/p>\n<\/td>\n<\/tr>\n<tr style=\"padding-left: 30px;\">\n<td style=\"padding-left: 30px;\" colspan=\"4\" width=\"636\">\n<p style=\"padding-left: 30px;\"><strong><span style=\"color: #003366;\">*Pre-print: versi\u00f3n de un trabajo que ha sido evaluado, que ha incorporado modificaciones de acuerdo a las sugerencias de un revisor\/es \u2013si las hubiera\u2013 y ha sido aceptada para su publicaci\u00f3n. Esta versi\u00f3n excluye la maquetaci\u00f3n (diagramaci\u00f3n de estilo).<\/span><\/strong><\/p>\n<p style=\"padding-left: 30px;\"><strong><span style=\"color: #003366;\">** Post-print: versi\u00f3n final de un trabajo publicada por el editor o versi\u00f3n del documento que ha sido actualizada con posterioridad a su publicaci\u00f3n.<\/span><\/strong><\/p>\n<\/td>\n<\/tr>\n<\/tbody>\n<\/table>\n","protected":false},"excerpt":{"rendered":"<p>Se deben depositar publicaciones cient\u00edfico-t\u00e9cnicas de \u00e1reas ministeriales producidas o coproducidas por equipos t\u00e9cnicos de sus direcciones y programas. El acceso a estas obras ser\u00e1 a texto completo, salvo excepciones de confidencialidad. Productos de investigaci\u00f3n cient\u00edfica: se depositar\u00e1n las versiones finales de la producci\u00f3n cient\u00edfico-t\u00e9cnica derivada de trabajos de investigaci\u00f3n financiados o cofinanciados por el [&hellip;]<\/p>\n","protected":false},"author":1,"featured_media":0,"parent":170678,"menu_order":3,"comment_status":"closed","ping_status":"closed","template":"","meta":{"footnotes":""},"_links":{"self":[{"href":"https:\/\/bvs.msal.gov.ar\/index.php?rest_route=\/wp\/v2\/pages\/170767"}],"collection":[{"href":"https:\/\/bvs.msal.gov.ar\/index.php?rest_route=\/wp\/v2\/pages"}],"about":[{"href":"https:\/\/bvs.msal.gov.ar\/index.php?rest_route=\/wp\/v2\/types\/page"}],"author":[{"embeddable":true,"href":"https:\/\/bvs.msal.gov.ar\/index.php?rest_route=\/wp\/v2\/users\/1"}],"replies":[{"embeddable":true,"href":"https:\/\/bvs.msal.gov.ar\/index.php?rest_route=%2Fwp%2Fv2%2Fcomments&post=170767"}],"version-history":[{"count":14,"href":"https:\/\/bvs.msal.gov.ar\/index.php?rest_route=\/wp\/v2\/pages\/170767\/revisions"}],"predecessor-version":[{"id":170885,"href":"https:\/\/bvs.msal.gov.ar\/index.php?rest_route=\/wp\/v2\/pages\/170767\/revisions\/170885"}],"up":[{"embeddable":true,"href":"https:\/\/bvs.msal.gov.ar\/index.php?rest_route=\/wp\/v2\/pages\/170678"}],"wp:attachment":[{"href":"https:\/\/bvs.msal.gov.ar\/index.php?rest_route=%2Fwp%2Fv2%2Fmedia&parent=170767"}],"curies":[{"name":"wp","href":"https:\/\/api.w.org\/{rel}","templated":true}]}}